{"id":160,"date":"2020-03-03T12:06:27","date_gmt":"2020-03-03T11:06:27","guid":{"rendered":"http:\/\/www.artis-lux.com\/?page_id=160"},"modified":"2025-02-11T12:07:18","modified_gmt":"2025-02-11T11:07:18","slug":"accueil","status":"publish","type":"page","link":"https:\/\/www.artis-lux.com\/","title":{"rendered":"Accueil"},"content":{"rendered":"<div id=\"pl-gb160-69f5f5c55ab2e\"  class=\"panel-layout\" ><div id=\"pg-gb160-69f5f5c55ab2e-0\"  class=\"panel-grid panel-no-style\" ><div id=\"pgc-gb160-69f5f5c55ab2e-0-0\"  class=\"panel-grid-cell\" ><div id=\"panel-gb160-69f5f5c55ab2e-0-0-0\" class=\"so-panel widget widget_media_image panel-first-child panel-last-child\" data-index=\"0\" ><img loading=\"lazy\" decoding=\"async\" width=\"1707\" height=\"2560\" src=\"https:\/\/www.artis-lux.com\/wp-content\/uploads\/2025\/01\/Emeraldentier-1-scaled.jpg\" class=\"image wp-image-1388  attachment-full size-full\" alt=\"\" style=\"max-width: 100%; height: auto;\" srcset=\"https:\/\/www.artis-lux.com\/wp-content\/uploads\/2025\/01\/Emeraldentier-1-scaled.jpg 1707w, https:\/\/www.artis-lux.com\/wp-content\/uploads\/2025\/01\/Emeraldentier-1-200x300.jpg 200w, https:\/\/www.artis-lux.com\/wp-content\/uploads\/2025\/01\/Emeraldentier-1-683x1024.jpg 683w, https:\/\/www.artis-lux.com\/wp-content\/uploads\/2025\/01\/Emeraldentier-1-768x1152.jpg 768w, https:\/\/www.artis-lux.com\/wp-content\/uploads\/2025\/01\/Emeraldentier-1-1024x1536.jpg 1024w, https:\/\/www.artis-lux.com\/wp-content\/uploads\/2025\/01\/Emeraldentier-1-1365x2048.jpg 1365w\" sizes=\"auto, 100vw\" \/><\/div><\/div><div id=\"pgc-gb160-69f5f5c55ab2e-0-1\"  class=\"panel-grid-cell\" ><div id=\"panel-gb160-69f5f5c55ab2e-0-1-0\" class=\"so-panel widget widget_sow-editor panel-first-child panel-last-child\" data-index=\"1\" ><div\n\t\t\t\n\t\t\tclass=\"so-widget-sow-editor so-widget-sow-editor-base\"\n\t\t\t\n\t\t>\n<div class=\"siteorigin-widget-tinymce textwidget\">\n\t<hr \/>\n<p>FR<\/p>\n<div class=\"_2cuy _3dgx\" data-block=\"true\" data-editor=\"dkbr5\" data-offset-key=\"9amup-0-0\">\n<div class=\"_1mf _1mj\" data-offset-key=\"9amup-0-0\"><strong><br \/>\nArtis Lux<\/strong><span data-offset-key=\"9amup-0-1\"> est un atelier de vitrail situ\u00e9 \u00e0 Limoges, capitale des Arts du Feu et ville cr\u00e9ative de l\u2019UNESCO.<\/p>\n<p><\/span><\/div>\n<div data-offset-key=\"9amup-0-0\"><\/div>\n<div data-offset-key=\"9amup-0-0\"><\/div>\n<\/div>\n<div class=\"_2cuy _3dgx\" data-block=\"true\" data-editor=\"dkbr5\" data-offset-key=\"3kcg3-0-0\">\n<div class=\"_1mf _1mj\" data-offset-key=\"3kcg3-0-0\"><span data-offset-key=\"3kcg3-0-0\">Artistes provenant d\u2019horizons divers (porcelaine, musique, illustration et calligraphie) <\/span><strong>Corinne Barataud<\/strong><span data-offset-key=\"3kcg3-0-2\"> et <\/span><strong>C\u00e9cile Gonzales<\/strong><span data-offset-key=\"3kcg3-0-4\"> mettent en commun leur go\u00fbt pour le bel ouvrage et la pr\u00e9cision afin de proposer un travail de qualit\u00e9, autant en cr\u00e9ation qu\u2019en restauration.<\/p>\n<p><\/span><\/div>\n<div data-offset-key=\"3kcg3-0-0\"><\/div>\n<div data-offset-key=\"3kcg3-0-0\"><\/div>\n<\/div>\n<div class=\"_2cuy _3dgx\" data-block=\"true\" data-editor=\"dkbr5\" data-offset-key=\"6l5eh-0-0\">\n<div class=\"_1mf _1mj\" data-offset-key=\"6l5eh-0-0\"><span data-offset-key=\"6l5eh-0-0\">Toutes deux dipl\u00f4m\u00e9es en Arts et Techniques du verre, elles ont une r\u00e9elle volont\u00e9 d\u2019innover et d\u2019exp\u00e9rimenter la mati\u00e8re comme des sculptrices, tout en ayant \u00e0 coeur de pr\u00e9server le patrimoine et le savoir-faire traditionnel.<\/p>\n<p><\/span><\/div>\n<div data-offset-key=\"6l5eh-0-0\"><\/div>\n<div data-offset-key=\"6l5eh-0-0\"><\/div>\n<\/div>\n<div class=\"_2cuy _3dgx\" data-block=\"true\" data-editor=\"dkbr5\" data-offset-key=\"jp0-0-0\">\n<div class=\"_1mf _1mj\" data-offset-key=\"jp0-0-0\"><span data-offset-key=\"jp0-0-0\">Ces deux vitraillistes savent r\u00e9pondre \u00e0 toutes les demandes, s\u2019attachant vivement aux lieux et \u00e0 leur histoire, ainsi qu\u2019aux besoins et envies de leurs clients. <\/span><\/div>\n<\/div>\n<div class=\"_2cuy _3dgx\" data-block=\"true\" data-editor=\"dkbr5\" data-offset-key=\"b0b3n-0-0\">\n<div class=\"_1mf _1mj\" data-offset-key=\"b0b3n-0-0\"><span data-offset-key=\"b0b3n-0-0\">Car leur d\u00e9marche est intimement li\u00e9e au sens.<\/span><\/div>\n<\/div>\n<p>&nbsp;<\/p>\n<\/div>\n<\/div><\/div><\/div><\/div><div id=\"pg-gb160-69f5f5c55ab2e-1\"  class=\"panel-grid panel-no-style\" ><div id=\"pgc-gb160-69f5f5c55ab2e-1-0\"  class=\"panel-grid-cell panel-grid-cell-empty\" ><\/div><div id=\"pgc-gb160-69f5f5c55ab2e-1-1\"  class=\"panel-grid-cell panel-grid-cell-mobile-last\" ><div id=\"panel-gb160-69f5f5c55ab2e-1-1-0\" class=\"so-panel widget widget_media_image panel-first-child panel-last-child\" data-index=\"2\" ><img loading=\"lazy\" decoding=\"async\" width=\"525\" height=\"525\" src=\"https:\/\/www.artis-lux.com\/wp-content\/uploads\/2025\/02\/ARTISLUX-30-1024x1024.jpg\" class=\"image wp-image-1397  attachment-large size-large\" alt=\"\" style=\"max-width: 100%; height: auto;\" srcset=\"https:\/\/www.artis-lux.com\/wp-content\/uploads\/2025\/02\/ARTISLUX-30-1024x1024.jpg 1024w, https:\/\/www.artis-lux.com\/wp-content\/uploads\/2025\/02\/ARTISLUX-30-300x300.jpg 300w, https:\/\/www.artis-lux.com\/wp-content\/uploads\/2025\/02\/ARTISLUX-30-150x150.jpg 150w, https:\/\/www.artis-lux.com\/wp-content\/uploads\/2025\/02\/ARTISLUX-30-768x768.jpg 768w, https:\/\/www.artis-lux.com\/wp-content\/uploads\/2025\/02\/ARTISLUX-30-1536x1536.jpg 1536w, https:\/\/www.artis-lux.com\/wp-content\/uploads\/2025\/02\/ARTISLUX-30-2048x2048.jpg 2048w, https:\/\/www.artis-lux.com\/wp-content\/uploads\/2025\/02\/ARTISLUX-30-100x100.jpg 100w\" sizes=\"auto, 100vw\" \/><\/div><\/div><div id=\"pgc-gb160-69f5f5c55ab2e-1-2\"  class=\"panel-grid-cell panel-grid-cell-empty\" ><\/div><\/div><div id=\"pg-gb160-69f5f5c55ab2e-2\"  class=\"panel-grid panel-no-style\" ><div id=\"pgc-gb160-69f5f5c55ab2e-2-0\"  class=\"panel-grid-cell\" ><div id=\"panel-gb160-69f5f5c55ab2e-2-0-0\" class=\"so-panel widget widget_sow-editor panel-first-child panel-last-child\" data-index=\"3\" ><div\n\t\t\t\n\t\t\tclass=\"so-widget-sow-editor so-widget-sow-editor-base\"\n\t\t\t\n\t\t>\n<div class=\"siteorigin-widget-tinymce textwidget\">\n\t<hr \/>\n<p>EN<\/p>\n<div class=\"_2cuy _3dgx\" data-block=\"true\" data-editor=\"d0lpn\" data-offset-key=\"4d7gk-0-0\">\n<div class=\"_1mf _1mj\" data-offset-key=\"4d7gk-0-0\"><strong>Artis Lux<\/strong><span data-offset-key=\"4d7gk-0-1\"> is a stained glass workshop located in Limoges (France), capital of the Arts of Fire and UNESCO creative city.<\/p>\n<p><\/span><\/div>\n<\/div>\n<div class=\"_2cuy _3dgx\" data-block=\"true\" data-editor=\"d0lpn\" data-offset-key=\"2r7r5-0-0\">\n<div class=\"_1mf _1mj\" data-offset-key=\"2r7r5-0-0\"><span data-offset-key=\"2r7r5-0-0\">Artists from diverse backgrounds (porcelain, music, illustration and calligraphy) <\/span><strong>Corinne Barataud<\/strong><span data-offset-key=\"2r7r5-0-2\"> and <\/span><strong>C\u00e9cile Gonzales<\/strong><span data-offset-key=\"2r7r5-0-4\"> pool their taste for beautiful pieces and precision in order to offer fine quality work, either in creation or in restoration.<\/p>\n<p><\/span><\/div>\n<\/div>\n<div class=\"_2cuy _3dgx\" data-block=\"true\" data-editor=\"d0lpn\" data-offset-key=\"979a2-0-0\">\n<div class=\"_1mf _1mj\" data-offset-key=\"979a2-0-0\"><span data-offset-key=\"979a2-0-0\">Both graduated in Glass Arts and Techniques, they have a real desire to innovate and experiment with material as sculptors would do, while being intent on preserving the heritage and traditional know-how.<\/p>\n<p><\/span><\/div>\n<\/div>\n<div class=\"_2cuy _3dgx\" data-block=\"true\" data-editor=\"d0lpn\" data-offset-key=\"7hgrc-0-0\">\n<div class=\"_1mf _1mj\" data-offset-key=\"7hgrc-0-0\"><span data-offset-key=\"7hgrc-0-0\">These two glassmakers know how to respond to all requests, with a keen interest in places and their history, as well as in the needs and desires of their patrons. <\/span><\/div>\n<\/div>\n<div class=\"_2cuy _3dgx\" data-block=\"true\" data-editor=\"d0lpn\" data-offset-key=\"69prs-0-0\">\n<div class=\"_1mf _1mj\" data-offset-key=\"69prs-0-0\"><span data-offset-key=\"69prs-0-0\">Because to them, making sense is paramount.<\/span><\/div>\n<\/div>\n<\/div>\n<\/div><\/div><\/div><\/div><\/div>","protected":false},"excerpt":{"rendered":"<p>FR Artis Lux est un atelier de vitrail situ\u00e9 \u00e0 Limoges, capitale des Arts du Feu et ville cr\u00e9ative de l\u2019UNESCO. Artistes provenant d\u2019horizons divers (porcelaine, musique, illustration et calligraphie) Corinne Barataud et C\u00e9cile Gonzales mettent en commun leur go\u00fbt pour le bel ouvrage et la pr\u00e9cision afin de proposer un travail de qualit\u00e9, autant &hellip; <\/p>\n<p class=\"link-more\"><a href=\"https:\/\/www.artis-lux.com\/\" class=\"more-link\">Continuer la lecture<span class=\"screen-reader-text\"> de &laquo;&nbsp;Accueil&nbsp;&raquo;<\/span><\/a><\/p>\n","protected":false},"author":1,"featured_media":0,"parent":0,"menu_order":0,"comment_status":"closed","ping_status":"closed","template":"","meta":{"footnotes":""},"class_list":["post-160","page","type-page","status-publish","hentry"],"_links":{"self":[{"href":"https:\/\/www.artis-lux.com\/index.php\/wp-json\/wp\/v2\/pages\/160","targetHints":{"allow":["GET"]}}],"collection":[{"href":"https:\/\/www.artis-lux.com\/index.php\/wp-json\/wp\/v2\/pages"}],"about":[{"href":"https:\/\/www.artis-lux.com\/index.php\/wp-json\/wp\/v2\/types\/page"}],"author":[{"embeddable":true,"href":"https:\/\/www.artis-lux.com\/index.php\/wp-json\/wp\/v2\/users\/1"}],"replies":[{"embeddable":true,"href":"https:\/\/www.artis-lux.com\/index.php\/wp-json\/wp\/v2\/comments?post=160"}],"version-history":[{"count":33,"href":"https:\/\/www.artis-lux.com\/index.php\/wp-json\/wp\/v2\/pages\/160\/revisions"}],"predecessor-version":[{"id":1403,"href":"https:\/\/www.artis-lux.com\/index.php\/wp-json\/wp\/v2\/pages\/160\/revisions\/1403"}],"wp:attachment":[{"href":"https:\/\/www.artis-lux.com\/index.php\/wp-json\/wp\/v2\/media?parent=160"}],"curies":[{"name":"wp","href":"https:\/\/api.w.org\/{rel}","templated":true}]}}